{"id":7,"date":"2025-05-30T18:07:56","date_gmt":"2025-05-30T15:07:56","guid":{"rendered":"https:\/\/satoyazilim.com\/?page_id=7"},"modified":"2025-06-18T22:23:46","modified_gmt":"2025-06-18T19:23:46","slug":"ana-sayfa","status":"publish","type":"page","link":"https:\/\/satoyazilim.com\/","title":{"rendered":"Ana Sayfa"},"content":{"rendered":"\n<div class=\"wp-block-cover alignfull is-light\" style=\"min-height:720px;aspect-ratio:unset;\"><span aria-hidden=\"true\" class=\"wp-block-cover__background has-background-dim-100 has-background-dim has-background-gradient\" style=\"background:linear-gradient(35deg,rgb(6,0,151) 0%,rgb(130,4,255) 73%,rgb(193,15,255) 100%)\"><\/span><div class=\"wp-block-cover__inner-container is-layout-flow wp-block-cover-is-layout-flow\">\n<div class=\"inherit-container-width wp-block-group alignwide is-layout-constrained wp-block-group-is-layout-constrained\">\n<div class=\"wp-block-media-text alignwide has-media-on-the-right is-stacked-on-mobile is-vertically-aligned-center\" style=\"grid-template-columns:auto 43%\"><div class=\"wp-block-media-text__content\">\n<h2 class=\"wp-block-heading has-text-align-left has-white-color has-text-color\">Profesyonel Uygulamalar<\/h2>\n\n\n\n<p class=\"has-white-color has-text-color\">\u015eimdi uygulamalar\u0131m\u0131z yapay zeka destekli!<\/p>\n\n\n\n<div class=\"wp-block-buttons is-layout-flex wp-block-buttons-is-layout-flex\"><\/div>\n<\/div><figure class=\"wp-block-media-text__media\"><img decoding=\"async\" src=\"https:\/\/satoyazilim.com\/wp-content\/themes\/astra\/inc\/assets\/images\/starter-content\/hero-img.svg\" alt=\"\" class=\"wp-image-118 size-full\"\/><\/figure><\/div>\n<\/div>\n<\/div><\/div>\n\n\n\n<div class=\"wp-block-group alignfull is-layout-constrained wp-container-core-group-is-layout-45b0ac4f wp-block-group-is-layout-constrained\" id=\"services\" style=\"padding-top:144px;padding-bottom:0px\">\n<h2 class=\"wp-block-heading\">Uygulamalar\u0131m\u0131z<\/h2>\n\n\n\n<div class=\"wp-block-columns is-layout-flex wp-container-core-columns-is-layout-60cbf9bb wp-block-columns-is-layout-flex\" style=\"margin-top:50px\">\n<div class=\"wp-block-column is-layout-flow wp-container-core-column-is-layout-6b73ce23 wp-block-column-is-layout-flow\">\n<figure class=\"wp-block-image size-full\"><a href=\"https:\/\/play.google.com\/store\/apps\/details?id=com.castlesoft.kpssguncelbilgiler\"><img loading=\"lazy\" decoding=\"async\" width=\"1178\" height=\"2560\" src=\"https:\/\/satoyazilim.com\/wp-content\/uploads\/2025\/05\/Apple-iPhone-16-Pro-Max-Screenshot-1-scaled.png\" alt=\"\" class=\"wp-image-28\" style=\"aspect-ratio:1;object-fit:cover\" srcset=\"https:\/\/satoyazilim.com\/wp-content\/uploads\/2025\/05\/Apple-iPhone-16-Pro-Max-Screenshot-1-scaled.png 1178w, https:\/\/satoyazilim.com\/wp-content\/uploads\/2025\/05\/Apple-iPhone-16-Pro-Max-Screenshot-1-138x300.png 138w, https:\/\/satoyazilim.com\/wp-content\/uploads\/2025\/05\/Apple-iPhone-16-Pro-Max-Screenshot-1-471x1024.png 471w, https:\/\/satoyazilim.com\/wp-content\/uploads\/2025\/05\/Apple-iPhone-16-Pro-Max-Screenshot-1-768x1669.png 768w, https:\/\/satoyazilim.com\/wp-content\/uploads\/2025\/05\/Apple-iPhone-16-Pro-Max-Screenshot-1-707x1536.png 707w, https:\/\/satoyazilim.com\/wp-content\/uploads\/2025\/05\/Apple-iPhone-16-Pro-Max-Screenshot-1-943x2048.png 943w\" sizes=\"auto, (max-width: 1178px) 100vw, 1178px\" \/><\/a><\/figure>\n\n\n\n<h3 class=\"wp-block-heading\" style=\"margin-top:16px\"><a href=\"https:\/\/play.google.com\/store\/apps\/details?id=com.castlesoft.kpssguncelbilgiler\">KPSS G\u00fcncel Bilgiler 2025<\/a><\/h3>\n\n\n\n<p>KPSS 2025 i\u00e7in testler, g\u00fcncel bilgiler ve yapay zeka destekli i\u00e7erikler.<\/p>\n<\/div>\n\n\n\n<div class=\"wp-block-column is-layout-flow wp-container-core-column-is-layout-6b73ce23 wp-block-column-is-layout-flow\">\n<figure class=\"wp-block-image size-full\"><img loading=\"lazy\" decoding=\"async\" width=\"1440\" height=\"2560\" src=\"https:\/\/satoyazilim.com\/wp-content\/uploads\/2025\/06\/Samsung-Galaxy-S21-Ultra-Screenshot-1-1-scaled.png\" alt=\"\" class=\"wp-image-50\" style=\"aspect-ratio:1;object-fit:cover\" srcset=\"https:\/\/satoyazilim.com\/wp-content\/uploads\/2025\/06\/Samsung-Galaxy-S21-Ultra-Screenshot-1-1-scaled.png 1440w, https:\/\/satoyazilim.com\/wp-content\/uploads\/2025\/06\/Samsung-Galaxy-S21-Ultra-Screenshot-1-1-169x300.png 169w, https:\/\/satoyazilim.com\/wp-content\/uploads\/2025\/06\/Samsung-Galaxy-S21-Ultra-Screenshot-1-1-576x1024.png 576w, https:\/\/satoyazilim.com\/wp-content\/uploads\/2025\/06\/Samsung-Galaxy-S21-Ultra-Screenshot-1-1-768x1365.png 768w, https:\/\/satoyazilim.com\/wp-content\/uploads\/2025\/06\/Samsung-Galaxy-S21-Ultra-Screenshot-1-1-864x1536.png 864w, https:\/\/satoyazilim.com\/wp-content\/uploads\/2025\/06\/Samsung-Galaxy-S21-Ultra-Screenshot-1-1-1152x2048.png 1152w\" sizes=\"auto, (max-width: 1440px) 100vw, 1440px\" \/><\/figure>\n\n\n\n<h3 class=\"wp-block-heading\" style=\"margin-top:16px\"><a href=\"https:\/\/play.google.com\/store\/apps\/details?id=com.castlesoft.mevzuatcep\">MevzuatCep:TCK,CMK, Anayasa<\/a><\/h3>\n\n\n\n<p>MevzuatCep ile T\u00fcrkiye\u2019nin g\u00fcncel mevzuat\u0131 art\u0131k cebinizde!<br>Avukat, savc\u0131, h\u00e2kim, hukuk \u00f6\u011frencisi, stajyer avukat veya akademisyen olun \u2013 ihtiyac\u0131n\u0131z olan t\u00fcm kanun, y\u00f6netmelik ve anayasa maddelerine h\u0131zla eri\u015fin. Mevzuat bir t\u0131k uza\u011f\u0131n\u0131zda.<\/p>\n<\/div>\n\n\n\n<div class=\"wp-block-column is-layout-flow wp-container-core-column-is-layout-6b73ce23 wp-block-column-is-layout-flow\">\n<p><\/p>\n<\/div>\n<\/div>\n<\/div>\n\n\n\n<div class=\"wp-block-group alignfull is-layout-constrained wp-container-core-group-is-layout-3fee123f wp-block-group-is-layout-constrained\" id=\"whyus\" style=\"padding-top:144px;padding-bottom:144px\">\n<h2 class=\"wp-block-heading\">Neden Biz?<\/h2>\n\n\n\n<div class=\"wp-block-columns is-layout-flex wp-container-core-columns-is-layout-29aadeec wp-block-columns-is-layout-flex\" style=\"margin-top:60px\">\n<div class=\"wp-block-column is-layout-flow wp-container-core-column-is-layout-6b73ce23 wp-block-column-is-layout-flow\">\n<figure class=\"wp-block-image size-large\"><img decoding=\"async\" src=\"https:\/\/satoyazilim.com\/wp-content\/themes\/astra\/inc\/assets\/images\/starter-content\/professional.svg\" alt=\"\" class=\"wp-image-163\"\/><\/figure>\n\n\n\n<h3 class=\"wp-block-heading\" style=\"margin-top:16px\">Profesyonellik<\/h3>\n\n\n\n<p>Uygulamalar\u0131m\u0131zda g\u00f6rsellik ve zengin i\u00e7eri\u011fe birlikte \u00f6nem veriyoruz. Ayr\u0131ca t\u00fcm uygulamalar\u0131m\u0131z\u0131 yapay zeka destekli g\u00fcn\u00fcm\u00fcz\u00fcn ko\u015fullar\u0131na uygun olarak haz\u0131rl\u0131yoruz.<\/p>\n<\/div>\n\n\n\n<div class=\"wp-block-column is-layout-flow wp-container-core-column-is-layout-6b73ce23 wp-block-column-is-layout-flow\">\n<figure class=\"wp-block-image size-large\"><img decoding=\"async\" src=\"https:\/\/satoyazilim.com\/wp-content\/themes\/astra\/inc\/assets\/images\/starter-content\/support.svg\" alt=\"\" class=\"wp-image-164\"\/><\/figure>\n\n\n\n<h3 class=\"wp-block-heading\" style=\"margin-top:16px\">Destek<\/h3>\n\n\n\n<p>7\/24 Destek veriyoruz. Akl\u0131n\u0131zda her ne varsa ne zaman isterseniz biz buraday\u0131z.<\/p>\n<\/div>\n<\/div>\n<\/div>\n","protected":false},"excerpt":{"rendered":"<p>Uygulamalar\u0131m\u0131z KPSS G\u00fcncel Bilgiler 2025 KPSS 2025 i\u00e7in testler, g\u00fcncel bilgiler ve yapay zeka destekli i\u00e7erikler. MevzuatCep:TCK,CMK, Anayasa MevzuatCep ile [&hellip;]<\/p>\n","protected":false},"author":1,"featured_media":0,"parent":0,"menu_order":0,"comment_status":"closed","ping_status":"closed","template":"","meta":{"site-sidebar-layout":"no-sidebar","site-content-layout":"plain-container","ast-site-content-layout":"","site-content-style":"default","site-sidebar-style":"default","ast-global-header-display":"","ast-banner-title-visibility":"","ast-main-header-display":"","ast-hfb-above-header-display":"","ast-hfb-below-header-display":"","ast-hfb-mobile-header-display":"","site-post-title":"disabled","ast-breadcrumbs-content":"","ast-featured-img":"","footer-sml-layout":"","theme-transparent-header-meta":"enabled","adv-header-id-meta":"","stick-header-meta":"","header-above-stick-meta":"","header-main-stick-meta":"","header-below-stick-meta":"","astra-migrate-meta-layouts":"default","ast-page-background-enabled":"default","ast-page-background-meta":{"desktop":{"background-color":"var(--ast-global-color-5)","background-image":"","background-repeat":"repeat","background-position":"center center","background-size":"auto","background-attachment":"scroll","background-type":"","background-media":"","overlay-type":"","overlay-color":"","overlay-opacity":"","overlay-gradient":""},"tablet":{"background-color":"","background-image":"","background-repeat":"repeat","background-position":"center center","background-size":"auto","background-attachment":"scroll","background-type":"","background-media":"","overlay-type":"","overlay-color":"","overlay-opacity":"","overlay-gradient":""},"mobile":{"background-color":"","background-image":"","background-repeat":"repeat","background-position":"center center","background-size":"auto","background-attachment":"scroll","background-type":"","background-media":"","overlay-type":"","overlay-color":"","overlay-opacity":"","overlay-gradient":""}},"ast-content-background-meta":{"desktop":{"background-color":"var(--ast-global-color-4)","background-image":"","background-repeat":"repeat","background-position":"center center","background-size":"auto","background-attachment":"scroll","background-type":"","background-media":"","overlay-type":"","overlay-color":"","overlay-opacity":"","overlay-gradient":""},"tablet":{"background-color":"var(--ast-global-color-4)","background-image":"","background-repeat":"repeat","background-position":"center center","background-size":"auto","background-attachment":"scroll","background-type":"","background-media":"","overlay-type":"","overlay-color":"","overlay-opacity":"","overlay-gradient":""},"mobile":{"background-color":"var(--ast-global-color-4)","background-image":"","background-repeat":"repeat","background-position":"center center","background-size":"auto","background-attachment":"scroll","background-type":"","background-media":"","overlay-type":"","overlay-color":"","overlay-opacity":"","overlay-gradient":""}},"footnotes":""},"class_list":["post-7","page","type-page","status-publish","hentry"],"_links":{"self":[{"href":"https:\/\/satoyazilim.com\/index.php\/wp-json\/wp\/v2\/pages\/7","targetHints":{"allow":["GET"]}}],"collection":[{"href":"https:\/\/satoyazilim.com\/index.php\/wp-json\/wp\/v2\/pages"}],"about":[{"href":"https:\/\/satoyazilim.com\/index.php\/wp-json\/wp\/v2\/types\/page"}],"author":[{"embeddable":true,"href":"https:\/\/satoyazilim.com\/index.php\/wp-json\/wp\/v2\/users\/1"}],"replies":[{"embeddable":true,"href":"https:\/\/satoyazilim.com\/index.php\/wp-json\/wp\/v2\/comments?post=7"}],"version-history":[{"count":5,"href":"https:\/\/satoyazilim.com\/index.php\/wp-json\/wp\/v2\/pages\/7\/revisions"}],"predecessor-version":[{"id":52,"href":"https:\/\/satoyazilim.com\/index.php\/wp-json\/wp\/v2\/pages\/7\/revisions\/52"}],"wp:attachment":[{"href":"https:\/\/satoyazilim.com\/index.php\/wp-json\/wp\/v2\/media?parent=7"}],"curies":[{"name":"wp","href":"https:\/\/api.w.org\/{rel}","templated":true}]}}